{"id":20340,"date":"2025-04-30T15:16:17","date_gmt":"2025-04-30T19:16:17","guid":{"rendered":"https:\/\/www.clvgroup.com\/assurance-des-locataires\/"},"modified":"2026-03-23T11:07:05","modified_gmt":"2026-03-23T15:07:05","slug":"assurance-des-locataires","status":"publish","type":"page","link":"https:\/\/www.clvgroup.com\/fr\/portail-des-residents\/assurance-des-locataires\/","title":{"rendered":"Assurance des locataires"},"content":{"rendered":"<section  class=\"breadcrumbs text-white innerpage-hero\"\n        style=\"\n        background-image: \n            linear-gradient(\n                to right, \n                #1a1e29 max(300px, 15%), \n                transparent\n            ),\n            linear-gradient(\n                to bottom, \n                rgb(26 30 41 \/ 80%) calc(var(--header-height, 0px) - 4rem),\n                transparent\n            ), \n            url('https:\/\/www.clvgroup.com\/wp-content\/uploads\/sven-brandsma-GZ5cKOgeIB0-unsplash-1-scaled.jpg'); \n        background-position: 0, top, 100%;\n        background-repeat: no-repeat;\n        background-size: cover, cover, cover;\"\n    >\n    <div class=\"container\">\n                            <h1 class=\"my-0 innerpage-page__title\">Assurance des locataires<\/h1>\n                            <\/div>\n<\/section><section class=\"gb-container gb-container-22c0bae7\">\n<div class=\"gb-container gb-container-8f81578b container\">\n<div class=\"gb-container gb-container-c8f78cbd\">\n\n<p>CLV Group exige que tous les r\u00e9sidents, y compris les colocataires, aient une assurance locataire valide pendant toute la dur\u00e9e de leur location. Les r\u00e9sidents sont tenus de souscrire une assurance responsabilit\u00e9 civile d&rsquo;un montant minimum de 2 millions de dollars.<\/p>\n\n\n\n<h2 class=\"wp-block-heading\">Pourquoi l&rsquo;assurance locataire est-elle importante ?<\/h2>\n\n\n\n<p>Parfois, des accidents se produisent ! L&rsquo;assurance des locataires contribue \u00e0 prot\u00e9ger les r\u00e9sidents, les propri\u00e9taires, les bailleurs, le personnel et les voisins contre les circonstances impr\u00e9vues. Voici pourquoi c&rsquo;est important :<\/p>\n\n\n\n<ul class=\"wp-block-list\">\n<li><strong>Prot\u00e9gez vos biens.  <\/strong>Votre maison est remplie d&rsquo;objets de valeur. L&rsquo;assurance locataire couvre vos biens personnels contre le vol, les dommages et la perte, ce qui vous \u00e9vite d&rsquo;avoir \u00e0 d\u00e9bourser de l&rsquo;argent en cas d&rsquo;impr\u00e9vu.<\/li>\n\n\n\n<li><strong>Les accidents peuvent survenir sans avertissement.<\/strong>  Si quelqu&rsquo;un se blesse dans votre location ou si vous causez accidentellement des d\u00e9g\u00e2ts, la garantie responsabilit\u00e9 civile de l&rsquo;assurance locataire peut vous \u00e9viter des frais juridiques ou de r\u00e9paration co\u00fbteux.<\/li>\n\n\n\n<li><strong>Les d\u00e9penses d&rsquo;urgence s&rsquo;accumulent rapidement.<\/strong>  Si vous \u00eates contraint de quitter votre logement en raison d&rsquo;un \u00e9v\u00e9nement couvert, l&rsquo;assurance locataire vous aide \u00e0 payer les frais d&rsquo;h\u00f4tel et de nourriture.<\/li>\n<\/ul>\n\n\n\n<p>Si vous \u00eates un nouveau r\u00e9sident \u00e0 la recherche d&rsquo;une assurance, si vous n&rsquo;avez pas de police d&rsquo;assurance active ou si vous cherchez \u00e0 changer de police et \u00e0 \u00e9conomiser de l&rsquo;argent, vous pouvez choisir d&rsquo;obtenir un devis aupr\u00e8s de notre fournisseur privil\u00e9gi\u00e9, APOLLO Insurance. APOLLO Insurance propose une police personnalis\u00e9e qui r\u00e9pond \u00e0 nos besoins et inclut une r\u00e9duction r\u00e9serv\u00e9e aux r\u00e9sidents de CLV. En tant que r\u00e9sident de CLV, vous recevrez :<\/p>\n\n\n\n<ul class=\"wp-block-list\">\n<li><strong>Prix exclusifs.  <\/strong>Des solutions d&rsquo;assurance sur mesure \u00e0 des tarifs comp\u00e9titifs pour les r\u00e9sidents du groupe CLV.<\/li>\n\n\n\n<li><strong>10% de r\u00e9duction.<\/strong>  Une r\u00e9duction suppl\u00e9mentaire de 10 % sur votre assurance locataire, uniquement utilisable dans le cadre de notre partenariat avec APOLLO.<\/li>\n\n\n\n<li><strong>Une proc\u00e9dure en ligne pratique.<\/strong>  Un processus d&rsquo;inscription rapide et facile vous permet de passer du devis \u00e0 l&rsquo;achat en quelques minutes seulement, ce qui vous permet de rester en conformit\u00e9 avec vos exigences en mati\u00e8re d&rsquo;assurance. Votre police vous sera envoy\u00e9e imm\u00e9diatement par courrier \u00e9lectronique. Votre gestionnaire de b\u00e2timent en recevra \u00e9galement une copie. De plus, votre police sera renouvel\u00e9e automatiquement chaque ann\u00e9e, de sorte que vous n&rsquo;aurez pas \u00e0 vous soucier de la souscrire \u00e0 nouveau.<\/li>\n<\/ul>\n\n\n\n<p><strong><a href=\"https:\/\/apollocover.com\/lp\/clv?utm_source=pm&amp;utm_medium=email&amp;utm_campaign=futuretenant\" target=\"_blank\" rel=\"noreferrer noopener\">Cliquez ici<\/a> <\/strong>pour obtenir un devis imm\u00e9diat ou en savoir plus sur l&rsquo;importance de l&rsquo;assurance des locataires. La police sera automatiquement communiqu\u00e9e \u00e0 votre propri\u00e9taire.<\/p>\n\n\n\n<hr class=\"wp-block-separator has-alpha-channel-opacity\"\/>\n\n\n\n<p><strong>CLAUSE DE NON-RESPONSABILIT\u00c9<\/strong><\/p>\n\n\n\n<p>Les informations fournies sur cette page le sont \u00e0 titre informatif uniquement et ne constituent pas un conseil juridique, un conseil en mati\u00e8re d&rsquo;assurance ou une garantie de couverture. Les r\u00e9sidents doivent consulter leur assureur ou leur conseiller juridique pour obtenir des conseils sp\u00e9cifiques \u00e0 leur situation. Les exigences et les recommandations peuvent varier et sont susceptibles d&rsquo;\u00eatre modifi\u00e9es.<\/p>\n\n<\/div>\n<\/div>\n<\/section>","protected":false},"excerpt":{"rendered":"<p>CLV Group exige que tous les r\u00e9sidents, y compris les colocataires, aient une assurance locataire valide pendant toute la dur\u00e9e de leur location. Les r\u00e9sidents sont tenus de souscrire une assurance responsabilit\u00e9 civile d&rsquo;un montant minimum de 2 millions de dollars. Pourquoi l&rsquo;assurance locataire est-elle importante ? Parfois, des accidents se produisent ! L&rsquo;assurance des [&hellip;]<\/p>\n","protected":false},"author":3,"featured_media":20341,"parent":20413,"menu_order":0,"comment_status":"closed","ping_status":"closed","template":"","meta":{"_acf_changed":false,"inline_featured_image":false,"footnotes":""},"class_list":["post-20340","page","type-page","status-publish","has-post-thumbnail","hentry"],"acf":[],"yoast_head":"<!-- This site is optimized with the Yoast SEO plugin v27.5 - https:\/\/yoast.com\/product\/yoast-seo-wordpress\/ -->\n<title>Assurance des locataires - CLV Group<\/title>\n<meta name=\"description\" content=\"L&#039;assurance locataire est obligatoire pour tous les r\u00e9sidents du groupe CLV. D\u00e9couvrez comment elle prot\u00e8ge vos biens, couvre la responsabilit\u00e9 civile et offre des r\u00e9ductions APOLLO exclusives.\" \/>\n<meta name=\"robots\" content=\"index, follow, max-snippet:-1, max-image-preview:large, max-video-preview:-1\" \/>\n<link rel=\"canonical\" href=\"https:\/\/www.clvgroup.com\/fr\/portail-des-residents\/assurance-des-locataires\/\" \/>\n<meta property=\"og:locale\" content=\"fr_FR\" \/>\n<meta property=\"og:type\" content=\"article\" \/>\n<meta property=\"og:title\" content=\"Assurance des locataires - CLV Group\" \/>\n<meta property=\"og:description\" content=\"L&#039;assurance locataire est obligatoire pour tous les r\u00e9sidents du groupe CLV. D\u00e9couvrez comment elle prot\u00e8ge vos biens, couvre la responsabilit\u00e9 civile et offre des r\u00e9ductions APOLLO exclusives.\" \/>\n<meta property=\"og:url\" content=\"https:\/\/www.clvgroup.com\/fr\/portail-des-residents\/assurance-des-locataires\/\" \/>\n<meta property=\"og:site_name\" content=\"CLV Group\" \/>\n<meta property=\"article:modified_time\" content=\"2026-03-23T15:07:05+00:00\" \/>\n<meta property=\"og:image\" content=\"https:\/\/www.clvgroup.com\/wp-content\/uploads\/sven-brandsma-GZ5cKOgeIB0-unsplash-scaled.jpg\" \/>\n\t<meta property=\"og:image:width\" content=\"2560\" \/>\n\t<meta property=\"og:image:height\" content=\"1836\" \/>\n\t<meta property=\"og:image:type\" content=\"image\/jpeg\" \/>\n<meta name=\"twitter:card\" content=\"summary_large_image\" \/>\n<meta name=\"twitter:label1\" content=\"Dur\u00e9e de lecture estim\u00e9e\" \/>\n\t<meta name=\"twitter:data1\" content=\"2 minutes\" \/>\n<script type=\"application\/ld+json\" class=\"yoast-schema-graph\">{\"@context\":\"https:\\\/\\\/schema.org\",\"@graph\":[{\"@type\":\"WebPage\",\"@id\":\"https:\\\/\\\/www.clvgroup.com\\\/fr\\\/portail-des-residents\\\/assurance-des-locataires\\\/\",\"url\":\"https:\\\/\\\/www.clvgroup.com\\\/fr\\\/portail-des-residents\\\/assurance-des-locataires\\\/\",\"name\":\"Assurance des locataires - CLV Group\",\"isPartOf\":{\"@id\":\"https:\\\/\\\/www.clvgroup.com\\\/fr\\\/#website\"},\"primaryImageOfPage\":{\"@id\":\"https:\\\/\\\/www.clvgroup.com\\\/fr\\\/portail-des-residents\\\/assurance-des-locataires\\\/#primaryimage\"},\"image\":{\"@id\":\"https:\\\/\\\/www.clvgroup.com\\\/fr\\\/portail-des-residents\\\/assurance-des-locataires\\\/#primaryimage\"},\"thumbnailUrl\":\"https:\\\/\\\/www.clvgroup.com\\\/wp-content\\\/uploads\\\/sven-brandsma-GZ5cKOgeIB0-unsplash-scaled.jpg\",\"datePublished\":\"2025-04-30T19:16:17+00:00\",\"dateModified\":\"2026-03-23T15:07:05+00:00\",\"description\":\"L'assurance locataire est obligatoire pour tous les r\u00e9sidents du groupe CLV. D\u00e9couvrez comment elle prot\u00e8ge vos biens, couvre la responsabilit\u00e9 civile et offre des r\u00e9ductions APOLLO exclusives.\",\"breadcrumb\":{\"@id\":\"https:\\\/\\\/www.clvgroup.com\\\/fr\\\/portail-des-residents\\\/assurance-des-locataires\\\/#breadcrumb\"},\"inLanguage\":\"fr-FR\",\"potentialAction\":[{\"@type\":\"ReadAction\",\"target\":[\"https:\\\/\\\/www.clvgroup.com\\\/fr\\\/portail-des-residents\\\/assurance-des-locataires\\\/\"]}]},{\"@type\":\"ImageObject\",\"inLanguage\":\"fr-FR\",\"@id\":\"https:\\\/\\\/www.clvgroup.com\\\/fr\\\/portail-des-residents\\\/assurance-des-locataires\\\/#primaryimage\",\"url\":\"https:\\\/\\\/www.clvgroup.com\\\/wp-content\\\/uploads\\\/sven-brandsma-GZ5cKOgeIB0-unsplash-scaled.jpg\",\"contentUrl\":\"https:\\\/\\\/www.clvgroup.com\\\/wp-content\\\/uploads\\\/sven-brandsma-GZ5cKOgeIB0-unsplash-scaled.jpg\",\"width\":2560,\"height\":1836},{\"@type\":\"BreadcrumbList\",\"@id\":\"https:\\\/\\\/www.clvgroup.com\\\/fr\\\/portail-des-residents\\\/assurance-des-locataires\\\/#breadcrumb\",\"itemListElement\":[{\"@type\":\"ListItem\",\"position\":1,\"name\":\"Home\",\"item\":\"https:\\\/\\\/www.clvgroup.com\\\/fr\\\/\"},{\"@type\":\"ListItem\",\"position\":2,\"name\":\"Informations sur les r\u00e9sidents\",\"item\":\"https:\\\/\\\/www.clvgroup.com\\\/fr\\\/portail-des-residents\\\/\"},{\"@type\":\"ListItem\",\"position\":3,\"name\":\"Assurance des locataires\"}]},{\"@type\":\"WebSite\",\"@id\":\"https:\\\/\\\/www.clvgroup.com\\\/fr\\\/#website\",\"url\":\"https:\\\/\\\/www.clvgroup.com\\\/fr\\\/\",\"name\":\"CLV Group\",\"description\":\"\",\"potentialAction\":[{\"@type\":\"SearchAction\",\"target\":{\"@type\":\"EntryPoint\",\"urlTemplate\":\"https:\\\/\\\/www.clvgroup.com\\\/fr\\\/?s={search_term_string}\"},\"query-input\":{\"@type\":\"PropertyValueSpecification\",\"valueRequired\":true,\"valueName\":\"search_term_string\"}}],\"inLanguage\":\"fr-FR\"}]}<\/script>\n<!-- \/ Yoast SEO plugin. -->","yoast_head_json":{"title":"Assurance des locataires - CLV Group","description":"L'assurance locataire est obligatoire pour tous les r\u00e9sidents du groupe CLV. D\u00e9couvrez comment elle prot\u00e8ge vos biens, couvre la responsabilit\u00e9 civile et offre des r\u00e9ductions APOLLO exclusives.","robots":{"index":"index","follow":"follow","max-snippet":"max-snippet:-1","max-image-preview":"max-image-preview:large","max-video-preview":"max-video-preview:-1"},"canonical":"https:\/\/www.clvgroup.com\/fr\/portail-des-residents\/assurance-des-locataires\/","og_locale":"fr_FR","og_type":"article","og_title":"Assurance des locataires - CLV Group","og_description":"L'assurance locataire est obligatoire pour tous les r\u00e9sidents du groupe CLV. D\u00e9couvrez comment elle prot\u00e8ge vos biens, couvre la responsabilit\u00e9 civile et offre des r\u00e9ductions APOLLO exclusives.","og_url":"https:\/\/www.clvgroup.com\/fr\/portail-des-residents\/assurance-des-locataires\/","og_site_name":"CLV Group","article_modified_time":"2026-03-23T15:07:05+00:00","og_image":[{"width":2560,"height":1836,"url":"https:\/\/www.clvgroup.com\/wp-content\/uploads\/sven-brandsma-GZ5cKOgeIB0-unsplash-scaled.jpg","type":"image\/jpeg"}],"twitter_card":"summary_large_image","twitter_misc":{"Dur\u00e9e de lecture estim\u00e9e":"2 minutes"},"schema":{"@context":"https:\/\/schema.org","@graph":[{"@type":"WebPage","@id":"https:\/\/www.clvgroup.com\/fr\/portail-des-residents\/assurance-des-locataires\/","url":"https:\/\/www.clvgroup.com\/fr\/portail-des-residents\/assurance-des-locataires\/","name":"Assurance des locataires - CLV Group","isPartOf":{"@id":"https:\/\/www.clvgroup.com\/fr\/#website"},"primaryImageOfPage":{"@id":"https:\/\/www.clvgroup.com\/fr\/portail-des-residents\/assurance-des-locataires\/#primaryimage"},"image":{"@id":"https:\/\/www.clvgroup.com\/fr\/portail-des-residents\/assurance-des-locataires\/#primaryimage"},"thumbnailUrl":"https:\/\/www.clvgroup.com\/wp-content\/uploads\/sven-brandsma-GZ5cKOgeIB0-unsplash-scaled.jpg","datePublished":"2025-04-30T19:16:17+00:00","dateModified":"2026-03-23T15:07:05+00:00","description":"L'assurance locataire est obligatoire pour tous les r\u00e9sidents du groupe CLV. D\u00e9couvrez comment elle prot\u00e8ge vos biens, couvre la responsabilit\u00e9 civile et offre des r\u00e9ductions APOLLO exclusives.","breadcrumb":{"@id":"https:\/\/www.clvgroup.com\/fr\/portail-des-residents\/assurance-des-locataires\/#breadcrumb"},"inLanguage":"fr-FR","potentialAction":[{"@type":"ReadAction","target":["https:\/\/www.clvgroup.com\/fr\/portail-des-residents\/assurance-des-locataires\/"]}]},{"@type":"ImageObject","inLanguage":"fr-FR","@id":"https:\/\/www.clvgroup.com\/fr\/portail-des-residents\/assurance-des-locataires\/#primaryimage","url":"https:\/\/www.clvgroup.com\/wp-content\/uploads\/sven-brandsma-GZ5cKOgeIB0-unsplash-scaled.jpg","contentUrl":"https:\/\/www.clvgroup.com\/wp-content\/uploads\/sven-brandsma-GZ5cKOgeIB0-unsplash-scaled.jpg","width":2560,"height":1836},{"@type":"BreadcrumbList","@id":"https:\/\/www.clvgroup.com\/fr\/portail-des-residents\/assurance-des-locataires\/#breadcrumb","itemListElement":[{"@type":"ListItem","position":1,"name":"Home","item":"https:\/\/www.clvgroup.com\/fr\/"},{"@type":"ListItem","position":2,"name":"Informations sur les r\u00e9sidents","item":"https:\/\/www.clvgroup.com\/fr\/portail-des-residents\/"},{"@type":"ListItem","position":3,"name":"Assurance des locataires"}]},{"@type":"WebSite","@id":"https:\/\/www.clvgroup.com\/fr\/#website","url":"https:\/\/www.clvgroup.com\/fr\/","name":"CLV Group","description":"","potentialAction":[{"@type":"SearchAction","target":{"@type":"EntryPoint","urlTemplate":"https:\/\/www.clvgroup.com\/fr\/?s={search_term_string}"},"query-input":{"@type":"PropertyValueSpecification","valueRequired":true,"valueName":"search_term_string"}}],"inLanguage":"fr-FR"}]}},"_links":{"self":[{"href":"https:\/\/www.clvgroup.com\/fr\/wp-json\/wp\/v2\/pages\/20340","targetHints":{"allow":["GET"]}}],"collection":[{"href":"https:\/\/www.clvgroup.com\/fr\/wp-json\/wp\/v2\/pages"}],"about":[{"href":"https:\/\/www.clvgroup.com\/fr\/wp-json\/wp\/v2\/types\/page"}],"author":[{"embeddable":true,"href":"https:\/\/www.clvgroup.com\/fr\/wp-json\/wp\/v2\/users\/3"}],"replies":[{"embeddable":true,"href":"https:\/\/www.clvgroup.com\/fr\/wp-json\/wp\/v2\/comments?post=20340"}],"version-history":[{"count":3,"href":"https:\/\/www.clvgroup.com\/fr\/wp-json\/wp\/v2\/pages\/20340\/revisions"}],"predecessor-version":[{"id":25791,"href":"https:\/\/www.clvgroup.com\/fr\/wp-json\/wp\/v2\/pages\/20340\/revisions\/25791"}],"up":[{"embeddable":true,"href":"https:\/\/www.clvgroup.com\/fr\/wp-json\/wp\/v2\/pages\/20413"}],"wp:featuredmedia":[{"embeddable":true,"href":"https:\/\/www.clvgroup.com\/fr\/wp-json\/wp\/v2\/media\/20341"}],"wp:attachment":[{"href":"https:\/\/www.clvgroup.com\/fr\/wp-json\/wp\/v2\/media?parent=20340"}],"curies":[{"name":"wp","href":"https:\/\/api.w.org\/{rel}","templated":true}]}}