{"id":20345,"date":"2025-05-13T10:12:55","date_gmt":"2025-05-13T14:12:55","guid":{"rendered":"https:\/\/www.clvgroup.com\/exigences-en-matiere-de-candidature\/"},"modified":"2025-05-13T10:13:17","modified_gmt":"2025-05-13T14:13:17","slug":"exigences-en-matiere-de-candidature","status":"publish","type":"page","link":"https:\/\/www.clvgroup.com\/fr\/portail-des-residents\/exigences-en-matiere-de-candidature\/","title":{"rendered":"Exigences en mati\u00e8re de candidature"},"content":{"rendered":"<section  class=\"breadcrumbs text-white innerpage-hero\"\n        style=\"\n        background-image: \n            linear-gradient(\n                to right, \n                #1a1e29 max(300px, 15%), \n                transparent\n            ),\n            linear-gradient(\n                to bottom, \n                rgb(26 30 41 \/ 80%) calc(var(--header-height, 0px) - 4rem),\n                transparent\n            ), \n            url('https:\/\/www.clvgroup.com\/wp-content\/uploads\/clv-group-resident-resources-application-requirements.jpg'); \n        background-position: 0, top, 100%;\n        background-repeat: no-repeat;\n        background-size: cover, cover, cover;\"\n    >\n    <div class=\"container\">\n                    <div class=\"flex gap-4 text-sm font-light innerpage__breadcrumbs\">\n                \n                                            <a href=\"\/\"\n                            class=\"\">Accueil<\/a>\n                                                                <span>|<\/span>\n                    \n                \n                                            <a href=\"\/resident-portal\"\n                            class=\"\">Portail des r\u00e9sidents<\/a>\n                                                                <span>|<\/span>\n                    \n                \n                                            <a href=\"\/application-requirements\"\n                            class=\"\">Exigences en mati\u00e8re de candidature<\/a>\n                                        \n                            <\/div>\n                                        <h1 class=\"my-0 innerpage-page__title\">Exigences en mati\u00e8re de candidature<\/h1>\n                            <\/div>\n<\/section><div class=\"gb-container gb-container-bd27df8d container\">\n\n<div style=\"height:60px\" aria-hidden=\"true\" class=\"wp-block-spacer\"><\/div>\n\n\n\n<p class=\"text-steel-blue\">Nous sommes impatients de vous aider \u00e0 trouver votre nouveau logement ! Veuillez noter que toutes les demandes de location doivent \u00eatre compl\u00e9t\u00e9es \u00e9lectroniquement sur notre plateforme s\u00e9curis\u00e9e de location en ligne. En plus du formulaire de candidature \u00e9lectronique, les candidats devront \u00e9galement fournir les \u00e9l\u00e9ments suivants :  <\/p>\n\n\n\n<h2 class=\"gb-headline gb-headline-d3934614 gb-headline-text h2 text-steel-blue mb-0\">&#8211; V\u00e9rification des revenus<\/h2>\n\n\n\n<p class=\"text-steel-blue\">Pour v\u00e9rifier les revenus, les demandeurs peuvent fournir tout ou partie des documents suivants :<\/p>\n\n\n\n<ul class=\"wp-block-list text-steel-blue\">\n<li>Au moins deux talons de ch\u00e8que de paie r\u00e9cents<\/li>\n\n\n\n<li>Une lettre de votre employeur<\/li>\n\n\n\n<li>Votre dernier avis d&rsquo;imposition<\/li>\n<\/ul>\n\n\n\n<p class=\"text-steel-blue\"><strong>&#8211; V\u00e9rification de l&rsquo;identit\u00e9<\/strong><\/p>\n\n\n\n<p class=\"text-steel-blue\"><strong>&#8211; V\u00e9rification des actifs<\/strong><\/p>\n\n\n\n<p class=\"text-steel-blue\"><strong>&#8211; R\u00e9f\u00e9rences locatives<\/strong><\/p>\n\n\n\n<h2 class=\"gb-headline gb-headline-ecb63d9a gb-headline-text h2 text-steel-blue mb-0\">Premier et dernier mois de loyer (Ontario seulement)<\/h2>\n\n\n\n<p class=\"text-steel-blue\">Le paiement int\u00e9gral du dernier mois de loyer est exig\u00e9 lors de l&rsquo;envoi de votre demande de location.<\/p>\n\n\n\n<p class=\"text-steel-blue\">Le premier mois de loyer est d\u00fb avant le d\u00e9but du bail.<\/p>\n\n\n\n<h2 class=\"gb-headline gb-headline-f876dead gb-headline-text h2 text-steel-blue mb-0\">Options de paiement du loyer&nbsp;&nbsp;<\/h2>\n\n\n\n<p class=\"text-steel-blue\">Pour plus de commodit\u00e9, nous encourageons les r\u00e9sidents \u00e0 s&rsquo;inscrire \u00e0 notre <strong>plan de paiement pr\u00e9autoris\u00e9 <\/strong>au moment de la demande, ce qui garantit que les futurs paiements mensuels du loyer se feront sans effort et sans souci.<\/p>\n\n\n\n<h2 class=\"gb-headline gb-headline-10169511 gb-headline-text h2 text-steel-blue mb-0\">Programme de logements collectifs sans criminalit\u00e9<\/h2>\n\n\n\n<p class=\"text-steel-blue\">Dans le cadre de notre engagement \u00e0 offrir une communaut\u00e9 s\u00fbre et accueillante, plusieurs propri\u00e9t\u00e9s de notre portefeuille sont membres du Programme d&rsquo;habitations collectives sans crime du Service de police d&rsquo;Ottawa.<\/p>\n\n\n\n<p class=\"text-steel-blue\">Les candidats qui souhaitent louer un logement dans l&rsquo;une de ces propri\u00e9t\u00e9s feront l&rsquo;objet d&rsquo;un <strong>examen approfondi<\/strong> dans le cadre du Programme d&rsquo;habitations \u00e0 loyer mod\u00e9r\u00e9. Cela comprend une v\u00e9rification des r\u00e9f\u00e9rences criminelles effectu\u00e9e par le Service de police d&rsquo;Ottawa, sans frais. <\/p>\n\n\n\n<p class=\"text-steel-blue\">Vous avez des questions ? Nous sommes l\u00e0 pour vous aider ! Adressez-vous \u00e0 l&rsquo;un de nos <strong>agents de location pour<\/strong> plus de d\u00e9tails.  <\/p>\n\n<\/div>    <section class=\"cta-slider-wrap \">\n        <div             class=\" flex flex-col gap-8 mx-auto splide cta-slider -pl-8 lg:flex-row lg:shadow-[0px_50px_20px_-25px_rgba(0,0,0,0.5)] w-full !max-w-[95%] m-auto xl:!max-w-[1060px]\">\n            <div class=\"splide__pagination\"><\/div>\n            <div class=\"splide__track rounded-[5px] overflow-clip grow\">\n                <ul class=\"splide__list\">\n                                            <li class=\"splide__slide\">\n                            <div class=\"cta\">\n                                <div class=\"cta__content\">\n                                                                            <div class=\"line-before line-before--green subheading cta__subheading\">Notre portail des r\u00e9sidents<\/div>\n                                                                        <h3 class=\"h2 cta__heading\">S&rsquo;inscrire<\/h3>\n                                    <p class=\"m-0 cta__text\">G\u00e9rez facilement votre exp\u00e9rience de vie gr\u00e2ce \u00e0 notre portail des r\u00e9sidents. Tenez-vous au courant des annonces de la communaut\u00e9, communiquez avec vos voisins, soumettez des demandes d&rsquo;entretien, contactez le personnel de votre site, et bien plus encore &#8211; le tout en un seul endroit pratique. <\/p>\n                                                                            <a href=\"https:\/\/clvgroup.securecafe.com\/residentservices\/apartmentsforrent\/userlogin.aspx?nocache=1\" class=\"line-button cta__button\">Inscrivez-vous ici<\/a>\n                                                                    <\/div>\n                                <div class=\"cta__image-wrapper\">\n                                    <img decoding=\"async\" src=\"https:\/\/www.clvgroup.com\/wp-content\/uploads\/clv-group-residents-page-register-resident-portal.jpg\" alt=\"Photo\" \/>\n                                <\/div>\n                            <\/div>\n                        <\/li>\n                                    <\/ul>\n            <\/div>\n        <\/div>\n    <\/section>\n","protected":false},"excerpt":{"rendered":"<p>Nous sommes impatients de vous aider \u00e0 trouver votre nouveau logement ! Veuillez noter que toutes les demandes de location doivent \u00eatre compl\u00e9t\u00e9es \u00e9lectroniquement sur notre plateforme s\u00e9curis\u00e9e de location en ligne. En plus du formulaire de candidature \u00e9lectronique, les candidats devront \u00e9galement fournir les \u00e9l\u00e9ments suivants : &#8211; V\u00e9rification des revenus Pour v\u00e9rifier les [&hellip;]<\/p>\n","protected":false},"author":10,"featured_media":0,"parent":20413,"menu_order":0,"comment_status":"closed","ping_status":"closed","template":"","meta":{"_acf_changed":false,"inline_featured_image":false,"footnotes":""},"class_list":["post-20345","page","type-page","status-publish","hentry"],"acf":[],"yoast_head":"<!-- This site is optimized with the Yoast SEO plugin v27.5 - https:\/\/yoast.com\/product\/yoast-seo-wordpress\/ -->\n<title>Exigences en mati\u00e8re de candidature - CLV Group<\/title>\n<meta name=\"description\" content=\"Nous sommes impatients de vous aider \u00e0 trouver votre nouveau logement !\" \/>\n<meta name=\"robots\" content=\"index, follow, max-snippet:-1, max-image-preview:large, max-video-preview:-1\" \/>\n<link rel=\"canonical\" href=\"https:\/\/www.clvgroup.com\/fr\/portail-des-residents\/exigences-en-matiere-de-candidature\/\" \/>\n<meta property=\"og:locale\" content=\"fr_FR\" \/>\n<meta property=\"og:type\" content=\"article\" \/>\n<meta property=\"og:title\" content=\"Exigences en mati\u00e8re de candidature - CLV Group\" \/>\n<meta property=\"og:description\" content=\"Nous sommes impatients de vous aider \u00e0 trouver votre nouveau logement !\" \/>\n<meta property=\"og:url\" content=\"https:\/\/www.clvgroup.com\/fr\/portail-des-residents\/exigences-en-matiere-de-candidature\/\" \/>\n<meta property=\"og:site_name\" content=\"CLV Group\" \/>\n<meta property=\"article:modified_time\" content=\"2025-05-13T14:13:17+00:00\" \/>\n<meta name=\"twitter:card\" content=\"summary_large_image\" \/>\n<meta name=\"twitter:label1\" content=\"Dur\u00e9e de lecture estim\u00e9e\" \/>\n\t<meta name=\"twitter:data1\" content=\"1 minute\" \/>\n<script type=\"application\/ld+json\" class=\"yoast-schema-graph\">{\"@context\":\"https:\\\/\\\/schema.org\",\"@graph\":[{\"@type\":\"WebPage\",\"@id\":\"https:\\\/\\\/www.clvgroup.com\\\/fr\\\/portail-des-residents\\\/exigences-en-matiere-de-candidature\\\/\",\"url\":\"https:\\\/\\\/www.clvgroup.com\\\/fr\\\/portail-des-residents\\\/exigences-en-matiere-de-candidature\\\/\",\"name\":\"Exigences en mati\u00e8re de candidature - CLV Group\",\"isPartOf\":{\"@id\":\"https:\\\/\\\/www.clvgroup.com\\\/fr\\\/#website\"},\"datePublished\":\"2025-05-13T14:12:55+00:00\",\"dateModified\":\"2025-05-13T14:13:17+00:00\",\"description\":\"Nous sommes impatients de vous aider \u00e0 trouver votre nouveau logement !\",\"breadcrumb\":{\"@id\":\"https:\\\/\\\/www.clvgroup.com\\\/fr\\\/portail-des-residents\\\/exigences-en-matiere-de-candidature\\\/#breadcrumb\"},\"inLanguage\":\"fr-FR\",\"potentialAction\":[{\"@type\":\"ReadAction\",\"target\":[\"https:\\\/\\\/www.clvgroup.com\\\/fr\\\/portail-des-residents\\\/exigences-en-matiere-de-candidature\\\/\"]}]},{\"@type\":\"BreadcrumbList\",\"@id\":\"https:\\\/\\\/www.clvgroup.com\\\/fr\\\/portail-des-residents\\\/exigences-en-matiere-de-candidature\\\/#breadcrumb\",\"itemListElement\":[{\"@type\":\"ListItem\",\"position\":1,\"name\":\"Home\",\"item\":\"https:\\\/\\\/www.clvgroup.com\\\/fr\\\/\"},{\"@type\":\"ListItem\",\"position\":2,\"name\":\"Informations sur les r\u00e9sidents\",\"item\":\"https:\\\/\\\/www.clvgroup.com\\\/fr\\\/portail-des-residents\\\/\"},{\"@type\":\"ListItem\",\"position\":3,\"name\":\"Exigences en mati\u00e8re de candidature\"}]},{\"@type\":\"WebSite\",\"@id\":\"https:\\\/\\\/www.clvgroup.com\\\/fr\\\/#website\",\"url\":\"https:\\\/\\\/www.clvgroup.com\\\/fr\\\/\",\"name\":\"CLV Group\",\"description\":\"\",\"potentialAction\":[{\"@type\":\"SearchAction\",\"target\":{\"@type\":\"EntryPoint\",\"urlTemplate\":\"https:\\\/\\\/www.clvgroup.com\\\/fr\\\/?s={search_term_string}\"},\"query-input\":{\"@type\":\"PropertyValueSpecification\",\"valueRequired\":true,\"valueName\":\"search_term_string\"}}],\"inLanguage\":\"fr-FR\"}]}<\/script>\n<!-- \/ Yoast SEO plugin. -->","yoast_head_json":{"title":"Exigences en mati\u00e8re de candidature - CLV Group","description":"Nous sommes impatients de vous aider \u00e0 trouver votre nouveau logement !","robots":{"index":"index","follow":"follow","max-snippet":"max-snippet:-1","max-image-preview":"max-image-preview:large","max-video-preview":"max-video-preview:-1"},"canonical":"https:\/\/www.clvgroup.com\/fr\/portail-des-residents\/exigences-en-matiere-de-candidature\/","og_locale":"fr_FR","og_type":"article","og_title":"Exigences en mati\u00e8re de candidature - CLV Group","og_description":"Nous sommes impatients de vous aider \u00e0 trouver votre nouveau logement !","og_url":"https:\/\/www.clvgroup.com\/fr\/portail-des-residents\/exigences-en-matiere-de-candidature\/","og_site_name":"CLV Group","article_modified_time":"2025-05-13T14:13:17+00:00","twitter_card":"summary_large_image","twitter_misc":{"Dur\u00e9e de lecture estim\u00e9e":"1 minute"},"schema":{"@context":"https:\/\/schema.org","@graph":[{"@type":"WebPage","@id":"https:\/\/www.clvgroup.com\/fr\/portail-des-residents\/exigences-en-matiere-de-candidature\/","url":"https:\/\/www.clvgroup.com\/fr\/portail-des-residents\/exigences-en-matiere-de-candidature\/","name":"Exigences en mati\u00e8re de candidature - CLV Group","isPartOf":{"@id":"https:\/\/www.clvgroup.com\/fr\/#website"},"datePublished":"2025-05-13T14:12:55+00:00","dateModified":"2025-05-13T14:13:17+00:00","description":"Nous sommes impatients de vous aider \u00e0 trouver votre nouveau logement !","breadcrumb":{"@id":"https:\/\/www.clvgroup.com\/fr\/portail-des-residents\/exigences-en-matiere-de-candidature\/#breadcrumb"},"inLanguage":"fr-FR","potentialAction":[{"@type":"ReadAction","target":["https:\/\/www.clvgroup.com\/fr\/portail-des-residents\/exigences-en-matiere-de-candidature\/"]}]},{"@type":"BreadcrumbList","@id":"https:\/\/www.clvgroup.com\/fr\/portail-des-residents\/exigences-en-matiere-de-candidature\/#breadcrumb","itemListElement":[{"@type":"ListItem","position":1,"name":"Home","item":"https:\/\/www.clvgroup.com\/fr\/"},{"@type":"ListItem","position":2,"name":"Informations sur les r\u00e9sidents","item":"https:\/\/www.clvgroup.com\/fr\/portail-des-residents\/"},{"@type":"ListItem","position":3,"name":"Exigences en mati\u00e8re de candidature"}]},{"@type":"WebSite","@id":"https:\/\/www.clvgroup.com\/fr\/#website","url":"https:\/\/www.clvgroup.com\/fr\/","name":"CLV Group","description":"","potentialAction":[{"@type":"SearchAction","target":{"@type":"EntryPoint","urlTemplate":"https:\/\/www.clvgroup.com\/fr\/?s={search_term_string}"},"query-input":{"@type":"PropertyValueSpecification","valueRequired":true,"valueName":"search_term_string"}}],"inLanguage":"fr-FR"}]}},"_links":{"self":[{"href":"https:\/\/www.clvgroup.com\/fr\/wp-json\/wp\/v2\/pages\/20345","targetHints":{"allow":["GET"]}}],"collection":[{"href":"https:\/\/www.clvgroup.com\/fr\/wp-json\/wp\/v2\/pages"}],"about":[{"href":"https:\/\/www.clvgroup.com\/fr\/wp-json\/wp\/v2\/types\/page"}],"author":[{"embeddable":true,"href":"https:\/\/www.clvgroup.com\/fr\/wp-json\/wp\/v2\/users\/10"}],"replies":[{"embeddable":true,"href":"https:\/\/www.clvgroup.com\/fr\/wp-json\/wp\/v2\/comments?post=20345"}],"version-history":[{"count":1,"href":"https:\/\/www.clvgroup.com\/fr\/wp-json\/wp\/v2\/pages\/20345\/revisions"}],"predecessor-version":[{"id":20349,"href":"https:\/\/www.clvgroup.com\/fr\/wp-json\/wp\/v2\/pages\/20345\/revisions\/20349"}],"up":[{"embeddable":true,"href":"https:\/\/www.clvgroup.com\/fr\/wp-json\/wp\/v2\/pages\/20413"}],"wp:attachment":[{"href":"https:\/\/www.clvgroup.com\/fr\/wp-json\/wp\/v2\/media?parent=20345"}],"curies":[{"name":"wp","href":"https:\/\/api.w.org\/{rel}","templated":true}]}}