{"id":20351,"date":"2025-05-13T10:12:57","date_gmt":"2025-05-13T14:12:57","guid":{"rendered":"https:\/\/www.clvgroup.com\/demandes-de-service\/"},"modified":"2025-05-13T10:13:18","modified_gmt":"2025-05-13T14:13:18","slug":"demandes-de-service","status":"publish","type":"page","link":"https:\/\/www.clvgroup.com\/fr\/portail-des-residents\/demandes-de-service\/","title":{"rendered":"Demandes de service"},"content":{"rendered":"<section  class=\"breadcrumbs text-white innerpage-hero\"\n        style=\"\n        background-image: \n            linear-gradient(\n                to right, \n                #1a1e29 max(300px, 15%), \n                transparent\n            ),\n            linear-gradient(\n                to bottom, \n                rgb(26 30 41 \/ 80%) calc(var(--header-height, 0px) - 4rem),\n                transparent\n            ), \n            url('https:\/\/www.clvgroup.com\/wp-content\/uploads\/clv-group-resident-resources-service-requests.jpg'); \n        background-position: 0, top, 100%;\n        background-repeat: no-repeat;\n        background-size: cover, cover, cover;\"\n    >\n    <div class=\"container\">\n                    <div class=\"flex gap-4 text-sm font-light innerpage__breadcrumbs\">\n                \n                                            <a href=\"\/\"\n                            class=\"\">Accueil<\/a>\n                                                                <span>|<\/span>\n                    \n                \n                                            <a href=\"\/resident-portal\"\n                            class=\"\">Portail des r\u00e9sidents<\/a>\n                                                                <span>|<\/span>\n                    \n                \n                                            <span class=\"text-[#B5B5B5]\">Demandes de service<\/span>\n                                        \n                            <\/div>\n                            <h1 class=\"my-0 innerpage-page__title\">Demandes de service<\/h1>\n                            <\/div>\n<\/section><div class=\"gb-grid-wrapper gb-grid-wrapper-01e3d3e6\">\n<div class=\"gb-grid-column gb-grid-column-bd27df8d\"><div class=\"gb-container gb-container-bd27df8d container\">\n\n<div style=\"height:60px\" aria-hidden=\"true\" class=\"wp-block-spacer\"><\/div>\n\n\n\n<h2 class=\"gb-headline gb-headline-fd3904bf gb-headline-text h2 text-steel-blue mb-0\">D\u00e9claration d&rsquo;engagement&nbsp;&nbsp;<\/h2>\n\n\n\n<p class=\"text-steel-blue\">Chez CLV Group, nous nous engageons \u00e0 faire en sorte que votre exp\u00e9rience de vie soit la plus agr\u00e9able possible. Votre satisfaction est notre priorit\u00e9 absolue ! <\/p>\n\n\n\n<p class=\"text-steel-blue\">Pour toute <strong>demande d&rsquo;entretien ou de service non urgente <\/strong>concernant votre appartement, veuillez soumettre une <strong>demande d&rsquo;entretien<\/strong> par le biais de notre <strong>portail des r\u00e9sidents &#8211; c&rsquo;<\/strong>est le moyen le plus rapide et le plus simple d&rsquo;obtenir de l&rsquo;aide.<\/p>\n\n\n\n<h2 class=\"gb-headline gb-headline-d3934614 gb-headline-text h2 text-steel-blue mb-0\">Situations d&rsquo;urgence :<\/h2>\n\n\n\n<ul class=\"wp-block-list text-steel-blue\">\n<li class=\"text-steel-blue\">Si vous \u00eates confront\u00e9 \u00e0 une <strong>situation d&rsquo;urgence mettant votre vie en danger<\/strong>, appelez imm\u00e9diatement le <strong>911<\/strong>.<\/li>\n\n\n\n<li>Pour les <strong>probl\u00e8mes de maintenance urgents<\/strong> en dehors des heures de bureau, veuillez contacter notre <strong>service d&rsquo;urgence apr\u00e8s les heures de<\/strong> bureau au <strong>1-855-931-3474<\/strong>.<\/li>\n<\/ul>\n\n\n\n<p class=\"text-steel-blue\">Nous sommes l\u00e0 pour vous aider &#8211; dites-nous comment nous pouvons vous aider !<\/p>\n\n<\/div><\/div>\n<\/div>    <section class=\"cta-slider-wrap \">\n        <div             class=\" flex flex-col gap-8 mx-auto splide cta-slider -pl-8 lg:flex-row lg:shadow-[0px_50px_20px_-25px_rgba(0,0,0,0.5)] w-full !max-w-[95%] m-auto xl:!max-w-[1060px]\">\n            <div class=\"splide__pagination\"><\/div>\n            <div class=\"splide__track rounded-[5px] overflow-clip grow\">\n                <ul class=\"splide__list\">\n                                            <li class=\"splide__slide\">\n                            <div class=\"cta\">\n                                <div class=\"cta__content\">\n                                                                            <div class=\"line-before line-before--green subheading cta__subheading\">Notre portail des r\u00e9sidents<\/div>\n                                                                        <h3 class=\"h2 cta__heading\">S&rsquo;inscrire<\/h3>\n                                    <p class=\"m-0 cta__text\">G\u00e9rez facilement votre exp\u00e9rience de vie gr\u00e2ce \u00e0 notre portail des r\u00e9sidents. Tenez-vous au courant des annonces de la communaut\u00e9, communiquez avec vos voisins, soumettez des demandes d&rsquo;entretien, contactez le personnel de votre site, et bien plus encore &#8211; le tout en un seul endroit pratique. <\/p>\n                                                                            <a href=\"https:\/\/clvgroup.securecafe.com\/residentservices\/apartmentsforrent\/userlogin.aspx?nocache=1\" class=\"line-button cta__button\">Inscrivez-vous ici<\/a>\n                                                                    <\/div>\n                                <div class=\"cta__image-wrapper\">\n                                    <img decoding=\"async\" src=\"https:\/\/www.clvgroup.com\/wp-content\/uploads\/clv-group-residents-page-register-resident-portal.jpg\" alt=\"Photo\" \/>\n                                <\/div>\n                            <\/div>\n                        <\/li>\n                                    <\/ul>\n            <\/div>\n        <\/div>\n    <\/section>\n","protected":false},"excerpt":{"rendered":"","protected":false},"author":10,"featured_media":0,"parent":20413,"menu_order":0,"comment_status":"closed","ping_status":"closed","template":"","meta":{"_acf_changed":false,"inline_featured_image":false,"footnotes":""},"class_list":["post-20351","page","type-page","status-publish","hentry"],"acf":[],"yoast_head":"<!-- This site is optimized with the Yoast SEO plugin v27.5 - https:\/\/yoast.com\/product\/yoast-seo-wordpress\/ -->\n<title>Demandes de service - CLV Group<\/title>\n<meta name=\"description\" content=\"Chez CLV Group, nous nous engageons \u00e0 faire en sorte que votre exp\u00e9rience de vie soit la plus agr\u00e9able possible. Votre satisfaction est notre priorit\u00e9 absolue !\" \/>\n<meta name=\"robots\" content=\"index, follow, max-snippet:-1, max-image-preview:large, max-video-preview:-1\" \/>\n<link rel=\"canonical\" href=\"https:\/\/www.clvgroup.com\/fr\/portail-des-residents\/demandes-de-service\/\" \/>\n<meta property=\"og:locale\" content=\"fr_FR\" \/>\n<meta property=\"og:type\" content=\"article\" \/>\n<meta property=\"og:title\" content=\"Demandes de service - CLV Group\" \/>\n<meta property=\"og:description\" content=\"Chez CLV Group, nous nous engageons \u00e0 faire en sorte que votre exp\u00e9rience de vie soit la plus agr\u00e9able possible. Votre satisfaction est notre priorit\u00e9 absolue !\" \/>\n<meta property=\"og:url\" content=\"https:\/\/www.clvgroup.com\/fr\/portail-des-residents\/demandes-de-service\/\" \/>\n<meta property=\"og:site_name\" content=\"CLV Group\" \/>\n<meta property=\"article:modified_time\" content=\"2025-05-13T14:13:18+00:00\" \/>\n<meta name=\"twitter:card\" content=\"summary_large_image\" \/>\n<meta name=\"twitter:label1\" content=\"Dur\u00e9e de lecture estim\u00e9e\" \/>\n\t<meta name=\"twitter:data1\" content=\"1 minute\" \/>\n<script type=\"application\/ld+json\" class=\"yoast-schema-graph\">{\"@context\":\"https:\\\/\\\/schema.org\",\"@graph\":[{\"@type\":\"WebPage\",\"@id\":\"https:\\\/\\\/www.clvgroup.com\\\/fr\\\/portail-des-residents\\\/demandes-de-service\\\/\",\"url\":\"https:\\\/\\\/www.clvgroup.com\\\/fr\\\/portail-des-residents\\\/demandes-de-service\\\/\",\"name\":\"Demandes de service - CLV Group\",\"isPartOf\":{\"@id\":\"https:\\\/\\\/www.clvgroup.com\\\/fr\\\/#website\"},\"datePublished\":\"2025-05-13T14:12:57+00:00\",\"dateModified\":\"2025-05-13T14:13:18+00:00\",\"description\":\"Chez CLV Group, nous nous engageons \u00e0 faire en sorte que votre exp\u00e9rience de vie soit la plus agr\u00e9able possible. Votre satisfaction est notre priorit\u00e9 absolue !\",\"breadcrumb\":{\"@id\":\"https:\\\/\\\/www.clvgroup.com\\\/fr\\\/portail-des-residents\\\/demandes-de-service\\\/#breadcrumb\"},\"inLanguage\":\"fr-FR\",\"potentialAction\":[{\"@type\":\"ReadAction\",\"target\":[\"https:\\\/\\\/www.clvgroup.com\\\/fr\\\/portail-des-residents\\\/demandes-de-service\\\/\"]}]},{\"@type\":\"BreadcrumbList\",\"@id\":\"https:\\\/\\\/www.clvgroup.com\\\/fr\\\/portail-des-residents\\\/demandes-de-service\\\/#breadcrumb\",\"itemListElement\":[{\"@type\":\"ListItem\",\"position\":1,\"name\":\"Home\",\"item\":\"https:\\\/\\\/www.clvgroup.com\\\/fr\\\/\"},{\"@type\":\"ListItem\",\"position\":2,\"name\":\"Informations sur les r\u00e9sidents\",\"item\":\"https:\\\/\\\/www.clvgroup.com\\\/fr\\\/portail-des-residents\\\/\"},{\"@type\":\"ListItem\",\"position\":3,\"name\":\"Demandes de service\"}]},{\"@type\":\"WebSite\",\"@id\":\"https:\\\/\\\/www.clvgroup.com\\\/fr\\\/#website\",\"url\":\"https:\\\/\\\/www.clvgroup.com\\\/fr\\\/\",\"name\":\"CLV Group\",\"description\":\"\",\"potentialAction\":[{\"@type\":\"SearchAction\",\"target\":{\"@type\":\"EntryPoint\",\"urlTemplate\":\"https:\\\/\\\/www.clvgroup.com\\\/fr\\\/?s={search_term_string}\"},\"query-input\":{\"@type\":\"PropertyValueSpecification\",\"valueRequired\":true,\"valueName\":\"search_term_string\"}}],\"inLanguage\":\"fr-FR\"}]}<\/script>\n<!-- \/ Yoast SEO plugin. -->","yoast_head_json":{"title":"Demandes de service - CLV Group","description":"Chez CLV Group, nous nous engageons \u00e0 faire en sorte que votre exp\u00e9rience de vie soit la plus agr\u00e9able possible. Votre satisfaction est notre priorit\u00e9 absolue !","robots":{"index":"index","follow":"follow","max-snippet":"max-snippet:-1","max-image-preview":"max-image-preview:large","max-video-preview":"max-video-preview:-1"},"canonical":"https:\/\/www.clvgroup.com\/fr\/portail-des-residents\/demandes-de-service\/","og_locale":"fr_FR","og_type":"article","og_title":"Demandes de service - CLV Group","og_description":"Chez CLV Group, nous nous engageons \u00e0 faire en sorte que votre exp\u00e9rience de vie soit la plus agr\u00e9able possible. Votre satisfaction est notre priorit\u00e9 absolue !","og_url":"https:\/\/www.clvgroup.com\/fr\/portail-des-residents\/demandes-de-service\/","og_site_name":"CLV Group","article_modified_time":"2025-05-13T14:13:18+00:00","twitter_card":"summary_large_image","twitter_misc":{"Dur\u00e9e de lecture estim\u00e9e":"1 minute"},"schema":{"@context":"https:\/\/schema.org","@graph":[{"@type":"WebPage","@id":"https:\/\/www.clvgroup.com\/fr\/portail-des-residents\/demandes-de-service\/","url":"https:\/\/www.clvgroup.com\/fr\/portail-des-residents\/demandes-de-service\/","name":"Demandes de service - CLV Group","isPartOf":{"@id":"https:\/\/www.clvgroup.com\/fr\/#website"},"datePublished":"2025-05-13T14:12:57+00:00","dateModified":"2025-05-13T14:13:18+00:00","description":"Chez CLV Group, nous nous engageons \u00e0 faire en sorte que votre exp\u00e9rience de vie soit la plus agr\u00e9able possible. Votre satisfaction est notre priorit\u00e9 absolue !","breadcrumb":{"@id":"https:\/\/www.clvgroup.com\/fr\/portail-des-residents\/demandes-de-service\/#breadcrumb"},"inLanguage":"fr-FR","potentialAction":[{"@type":"ReadAction","target":["https:\/\/www.clvgroup.com\/fr\/portail-des-residents\/demandes-de-service\/"]}]},{"@type":"BreadcrumbList","@id":"https:\/\/www.clvgroup.com\/fr\/portail-des-residents\/demandes-de-service\/#breadcrumb","itemListElement":[{"@type":"ListItem","position":1,"name":"Home","item":"https:\/\/www.clvgroup.com\/fr\/"},{"@type":"ListItem","position":2,"name":"Informations sur les r\u00e9sidents","item":"https:\/\/www.clvgroup.com\/fr\/portail-des-residents\/"},{"@type":"ListItem","position":3,"name":"Demandes de service"}]},{"@type":"WebSite","@id":"https:\/\/www.clvgroup.com\/fr\/#website","url":"https:\/\/www.clvgroup.com\/fr\/","name":"CLV Group","description":"","potentialAction":[{"@type":"SearchAction","target":{"@type":"EntryPoint","urlTemplate":"https:\/\/www.clvgroup.com\/fr\/?s={search_term_string}"},"query-input":{"@type":"PropertyValueSpecification","valueRequired":true,"valueName":"search_term_string"}}],"inLanguage":"fr-FR"}]}},"_links":{"self":[{"href":"https:\/\/www.clvgroup.com\/fr\/wp-json\/wp\/v2\/pages\/20351","targetHints":{"allow":["GET"]}}],"collection":[{"href":"https:\/\/www.clvgroup.com\/fr\/wp-json\/wp\/v2\/pages"}],"about":[{"href":"https:\/\/www.clvgroup.com\/fr\/wp-json\/wp\/v2\/types\/page"}],"author":[{"embeddable":true,"href":"https:\/\/www.clvgroup.com\/fr\/wp-json\/wp\/v2\/users\/10"}],"replies":[{"embeddable":true,"href":"https:\/\/www.clvgroup.com\/fr\/wp-json\/wp\/v2\/comments?post=20351"}],"version-history":[{"count":1,"href":"https:\/\/www.clvgroup.com\/fr\/wp-json\/wp\/v2\/pages\/20351\/revisions"}],"predecessor-version":[{"id":20352,"href":"https:\/\/www.clvgroup.com\/fr\/wp-json\/wp\/v2\/pages\/20351\/revisions\/20352"}],"up":[{"embeddable":true,"href":"https:\/\/www.clvgroup.com\/fr\/wp-json\/wp\/v2\/pages\/20413"}],"wp:attachment":[{"href":"https:\/\/www.clvgroup.com\/fr\/wp-json\/wp\/v2\/media?parent=20351"}],"curies":[{"name":"wp","href":"https:\/\/api.w.org\/{rel}","templated":true}]}}