{"id":20353,"date":"2025-05-13T10:12:59","date_gmt":"2025-05-13T14:12:59","guid":{"rendered":"https:\/\/www.clvgroup.com\/assurance-du-locataire\/"},"modified":"2025-05-13T10:13:18","modified_gmt":"2025-05-13T14:13:18","slug":"assurance-du-locataire","status":"publish","type":"page","link":"https:\/\/www.clvgroup.com\/fr\/portail-des-residents\/assurance-du-locataire\/","title":{"rendered":"Assurance du locataire"},"content":{"rendered":"<section  class=\"breadcrumbs text-white innerpage-hero\"\n        style=\"\n        background-image: \n            linear-gradient(\n                to right, \n                #1a1e29 max(300px, 15%), \n                transparent\n            ),\n            linear-gradient(\n                to bottom, \n                rgb(26 30 41 \/ 80%) calc(var(--header-height, 0px) - 4rem),\n                transparent\n            ), \n            url('https:\/\/www.clvgroup.com\/wp-content\/uploads\/clv-group-resident-resources-renters-insurance.jpg'); \n        background-position: 0, top, 100%;\n        background-repeat: no-repeat;\n        background-size: cover, cover, cover;\"\n    >\n    <div class=\"container\">\n                    <div class=\"flex gap-4 text-sm font-light innerpage__breadcrumbs\">\n                \n                                            <a href=\"\/\"\n                            class=\"\">Accueil<\/a>\n                                                                <span>|<\/span>\n                    \n                \n                                            <a href=\"\/resident-portal\"\n                            class=\"\">Portail des r\u00e9sidents<\/a>\n                                                                <span>|<\/span>\n                    \n                \n                                            <span class=\"text-[#B5B5B5]\">Assurance du locataire<\/span>\n                                        \n                            <\/div>\n                            <h1 class=\"my-0 innerpage-page__title\">Assurance du locataire<\/h1>\n                            <\/div>\n<\/section><div class=\"gb-grid-wrapper gb-grid-wrapper-01e3d3e6\">\n<div class=\"gb-grid-column gb-grid-column-bd27df8d\"><div class=\"gb-container gb-container-bd27df8d container\">\n\n<div style=\"height:60px\" aria-hidden=\"true\" class=\"wp-block-spacer\"><\/div>\n\n\n\n<p class=\"text-steel-blue\">Chez CLV Group, la protection de nos r\u00e9sidents et de leurs logements est une priorit\u00e9 absolue. C&rsquo;est pourquoi l <strong>&lsquo;assurance locataire est obligatoire<\/strong> pour tous les r\u00e9sidents. CLV assure l&rsquo;immeuble et la communaut\u00e9, mais vos biens personnels et votre responsabilit\u00e9 civile n\u00e9cessitent une <strong>couverture distincte<\/strong> pour une protection compl\u00e8te.  <\/p>\n\n\n\n<h2 class=\"gb-headline gb-headline-fd3904bf gb-headline-text h2 text-steel-blue mb-0\">Pourquoi vous avez besoin d&rsquo;une assurance locataire :<\/h2>\n\n\n\n<ul class=\"wp-block-list text-steel-blue\">\n<li class=\"text-steel-blue\"><strong>Prot\u00e9gez vos biens<\/strong> &#8211; Couverture des objets de valeur tels que les meubles, les appareils \u00e9lectroniques et les bijoux.<\/li>\n\n\n\n<li><strong>Protection de la responsabilit\u00e9 personnelle<\/strong> &#8211; Au cas o\u00f9 vous causeriez accidentellement des dommages \u00e0 l&rsquo;unit\u00e9 d&rsquo;un voisin.<\/li>\n\n\n\n<li><strong>Couverture des blessures subies par les invit\u00e9s<\/strong> &#8211; Si quelqu&rsquo;un se blesse lors d&rsquo;une visite \u00e0 votre domicile.<\/li>\n\n\n\n<li><strong>Couverture de la responsabilit\u00e9 civile des b\u00e2timents<\/strong> &#8211; Protection contre les r\u00e9clamations potentielles en cas de dommages caus\u00e9s aux biens de la ville ou du b\u00e2timent.<\/li>\n<\/ul>\n\n\n\n<p class=\"text-steel-blue\">La plupart des compagnies d&rsquo;assurance et des institutions financi\u00e8res proposent une <strong>couverture compl\u00e8te \u00e0 un prix abordable<\/strong>, ce qui vous permet de profiter de votre maison en toute tranquillit\u00e9.<\/p>\n\n\n\n<h2 class=\"gb-headline gb-headline-d3934614 gb-headline-text h2 text-steel-blue mb-0\">Exigences en mati\u00e8re de preuve d&rsquo;assurance :<\/h2>\n\n\n\n<p class=\"text-steel-blue\">Tous les r\u00e9sidents doivent fournir une preuve de :<\/p>\n\n\n\n<ul class=\"wp-block-list text-steel-blue\">\n<li><strong>Couverture d&rsquo;assurance pour les locataires<\/strong><\/li>\n\n\n\n<li><strong>Une assurance responsabilit\u00e9 civile d&rsquo;au moins 1 million de dollars<\/strong><\/li>\n<\/ul>\n\n\n\n<p class=\"text-steel-blue\">Une <strong>lettre de confirmation ou un classeur d&rsquo;assurance<\/strong> de votre fournisseur, comprenant votre <strong>num\u00e9ro de police, votre adresse et les d\u00e9tails de la couverture<\/strong>, est id\u00e9al. Si vous \u00eates d\u00e9j\u00e0 couvert, veuillez <strong>t\u00e9l\u00e9charger la preuve sur le portail des r\u00e9sidents CLV<\/strong> afin de vous assurer de la conformit\u00e9 avec votre contrat de location. <\/p>\n\n\n\n<p class=\"text-steel-blue\">Si vous avez des questions, n&rsquo;h\u00e9sitez pas \u00e0 contacter votre <strong>administrateur de cr\u00e9dit-bail, nous<\/strong>serons ravis de vous aider !<\/p>\n\n<\/div><\/div>\n<\/div>    <section class=\"cta-slider-wrap \">\n        <div             class=\" flex flex-col gap-8 mx-auto splide cta-slider -pl-8 lg:flex-row lg:shadow-[0px_50px_20px_-25px_rgba(0,0,0,0.5)] w-full !max-w-[95%] m-auto xl:!max-w-[1060px]\">\n            <div class=\"splide__pagination\"><\/div>\n            <div class=\"splide__track rounded-[5px] overflow-clip grow\">\n                <ul class=\"splide__list\">\n                                            <li class=\"splide__slide\">\n                            <div class=\"cta\">\n                                <div class=\"cta__content\">\n                                                                            <div class=\"line-before line-before--green subheading cta__subheading\">Notre portail des r\u00e9sidents<\/div>\n                                                                        <h3 class=\"h2 cta__heading\">S&rsquo;inscrire<\/h3>\n                                    <p class=\"m-0 cta__text\">G\u00e9rez facilement votre exp\u00e9rience de vie gr\u00e2ce \u00e0 notre portail des r\u00e9sidents. Tenez-vous au courant des annonces de la communaut\u00e9, communiquez avec vos voisins, soumettez des demandes d&rsquo;entretien, contactez le personnel de votre site, et bien plus encore &#8211; le tout en un seul endroit pratique. <\/p>\n                                                                            <a href=\"https:\/\/clvgroup.securecafe.com\/residentservices\/apartmentsforrent\/userlogin.aspx?nocache=1\" class=\"line-button cta__button\">Inscrivez-vous ici<\/a>\n                                                                    <\/div>\n                                <div class=\"cta__image-wrapper\">\n                                    <img decoding=\"async\" src=\"https:\/\/www.clvgroup.com\/wp-content\/uploads\/clv-group-residents-page-register-resident-portal.jpg\" alt=\"Photo\" \/>\n                                <\/div>\n                            <\/div>\n                        <\/li>\n                                    <\/ul>\n            <\/div>\n        <\/div>\n    <\/section>\n","protected":false},"excerpt":{"rendered":"","protected":false},"author":10,"featured_media":0,"parent":20413,"menu_order":0,"comment_status":"closed","ping_status":"closed","template":"","meta":{"_acf_changed":false,"inline_featured_image":false,"footnotes":""},"class_list":["post-20353","page","type-page","status-publish","hentry"],"acf":[],"yoast_head":"<!-- This site is optimized with the Yoast SEO plugin v25.4 - https:\/\/yoast.com\/wordpress\/plugins\/seo\/ -->\n<title>Assurance du locataire - CLV Group<\/title>\n<meta name=\"description\" content=\"Chez CLV Group, la protection de nos r\u00e9sidents et de leurs logements est une priorit\u00e9 absolue. C&#039;est pourquoi l&#039;assurance locataire est obligatoire pour tous les r\u00e9sidents. CLV assure l&#039;immeuble et la communaut\u00e9, mais vos biens personnels et votre responsabilit\u00e9 civile n\u00e9cessitent une couverture distincte pour une protection compl\u00e8te.\" \/>\n<meta name=\"robots\" content=\"index, follow, max-snippet:-1, max-image-preview:large, max-video-preview:-1\" \/>\n<link rel=\"canonical\" href=\"https:\/\/www.clvgroup.com\/fr\/portail-des-residents\/assurance-du-locataire\/\" \/>\n<meta property=\"og:locale\" content=\"fr_FR\" \/>\n<meta property=\"og:type\" content=\"article\" \/>\n<meta property=\"og:title\" content=\"Assurance du locataire - CLV Group\" \/>\n<meta property=\"og:description\" content=\"Chez CLV Group, la protection de nos r\u00e9sidents et de leurs logements est une priorit\u00e9 absolue. C&#039;est pourquoi l&#039;assurance locataire est obligatoire pour tous les r\u00e9sidents. CLV assure l&#039;immeuble et la communaut\u00e9, mais vos biens personnels et votre responsabilit\u00e9 civile n\u00e9cessitent une couverture distincte pour une protection compl\u00e8te.\" \/>\n<meta property=\"og:url\" content=\"https:\/\/www.clvgroup.com\/fr\/portail-des-residents\/assurance-du-locataire\/\" \/>\n<meta property=\"og:site_name\" content=\"CLV Group\" \/>\n<meta property=\"article:modified_time\" content=\"2025-05-13T14:13:18+00:00\" \/>\n<meta name=\"twitter:card\" content=\"summary_large_image\" \/>\n<meta name=\"twitter:label1\" content=\"Dur\u00e9e de lecture estim\u00e9e\" \/>\n\t<meta name=\"twitter:data1\" content=\"1 minute\" \/>\n<script type=\"application\/ld+json\" class=\"yoast-schema-graph\">{\"@context\":\"https:\/\/schema.org\",\"@graph\":[{\"@type\":\"WebPage\",\"@id\":\"https:\/\/www.clvgroup.com\/fr\/portail-des-residents\/assurance-du-locataire\/\",\"url\":\"https:\/\/www.clvgroup.com\/fr\/portail-des-residents\/assurance-du-locataire\/\",\"name\":\"Assurance du locataire - CLV Group\",\"isPartOf\":{\"@id\":\"https:\/\/www.clvgroup.com\/fr\/#website\"},\"datePublished\":\"2025-05-13T14:12:59+00:00\",\"dateModified\":\"2025-05-13T14:13:18+00:00\",\"description\":\"Chez CLV Group, la protection de nos r\u00e9sidents et de leurs logements est une priorit\u00e9 absolue. C'est pourquoi l'assurance locataire est obligatoire pour tous les r\u00e9sidents. CLV assure l'immeuble et la communaut\u00e9, mais vos biens personnels et votre responsabilit\u00e9 civile n\u00e9cessitent une couverture distincte pour une protection compl\u00e8te.\",\"breadcrumb\":{\"@id\":\"https:\/\/www.clvgroup.com\/fr\/portail-des-residents\/assurance-du-locataire\/#breadcrumb\"},\"inLanguage\":\"fr-FR\",\"potentialAction\":[{\"@type\":\"ReadAction\",\"target\":[\"https:\/\/www.clvgroup.com\/fr\/portail-des-residents\/assurance-du-locataire\/\"]}]},{\"@type\":\"BreadcrumbList\",\"@id\":\"https:\/\/www.clvgroup.com\/fr\/portail-des-residents\/assurance-du-locataire\/#breadcrumb\",\"itemListElement\":[{\"@type\":\"ListItem\",\"position\":1,\"name\":\"Home\",\"item\":\"https:\/\/www.clvgroup.com\/fr\/\"},{\"@type\":\"ListItem\",\"position\":2,\"name\":\"Informations sur les r\u00e9sidents\",\"item\":\"https:\/\/www.clvgroup.com\/fr\/portail-des-residents\/\"},{\"@type\":\"ListItem\",\"position\":3,\"name\":\"Assurance du locataire\"}]},{\"@type\":\"WebSite\",\"@id\":\"https:\/\/www.clvgroup.com\/fr\/#website\",\"url\":\"https:\/\/www.clvgroup.com\/fr\/\",\"name\":\"CLV Group\",\"description\":\"\",\"potentialAction\":[{\"@type\":\"SearchAction\",\"target\":{\"@type\":\"EntryPoint\",\"urlTemplate\":\"https:\/\/www.clvgroup.com\/fr\/?s={search_term_string}\"},\"query-input\":{\"@type\":\"PropertyValueSpecification\",\"valueRequired\":true,\"valueName\":\"search_term_string\"}}],\"inLanguage\":\"fr-FR\"}]}<\/script>\n<!-- \/ Yoast SEO plugin. -->","yoast_head_json":{"title":"Assurance du locataire - CLV Group","description":"Chez CLV Group, la protection de nos r\u00e9sidents et de leurs logements est une priorit\u00e9 absolue. C'est pourquoi l'assurance locataire est obligatoire pour tous les r\u00e9sidents. CLV assure l'immeuble et la communaut\u00e9, mais vos biens personnels et votre responsabilit\u00e9 civile n\u00e9cessitent une couverture distincte pour une protection compl\u00e8te.","robots":{"index":"index","follow":"follow","max-snippet":"max-snippet:-1","max-image-preview":"max-image-preview:large","max-video-preview":"max-video-preview:-1"},"canonical":"https:\/\/www.clvgroup.com\/fr\/portail-des-residents\/assurance-du-locataire\/","og_locale":"fr_FR","og_type":"article","og_title":"Assurance du locataire - CLV Group","og_description":"Chez CLV Group, la protection de nos r\u00e9sidents et de leurs logements est une priorit\u00e9 absolue. C'est pourquoi l'assurance locataire est obligatoire pour tous les r\u00e9sidents. CLV assure l'immeuble et la communaut\u00e9, mais vos biens personnels et votre responsabilit\u00e9 civile n\u00e9cessitent une couverture distincte pour une protection compl\u00e8te.","og_url":"https:\/\/www.clvgroup.com\/fr\/portail-des-residents\/assurance-du-locataire\/","og_site_name":"CLV Group","article_modified_time":"2025-05-13T14:13:18+00:00","twitter_card":"summary_large_image","twitter_misc":{"Dur\u00e9e de lecture estim\u00e9e":"1 minute"},"schema":{"@context":"https:\/\/schema.org","@graph":[{"@type":"WebPage","@id":"https:\/\/www.clvgroup.com\/fr\/portail-des-residents\/assurance-du-locataire\/","url":"https:\/\/www.clvgroup.com\/fr\/portail-des-residents\/assurance-du-locataire\/","name":"Assurance du locataire - CLV Group","isPartOf":{"@id":"https:\/\/www.clvgroup.com\/fr\/#website"},"datePublished":"2025-05-13T14:12:59+00:00","dateModified":"2025-05-13T14:13:18+00:00","description":"Chez CLV Group, la protection de nos r\u00e9sidents et de leurs logements est une priorit\u00e9 absolue. C'est pourquoi l'assurance locataire est obligatoire pour tous les r\u00e9sidents. CLV assure l'immeuble et la communaut\u00e9, mais vos biens personnels et votre responsabilit\u00e9 civile n\u00e9cessitent une couverture distincte pour une protection compl\u00e8te.","breadcrumb":{"@id":"https:\/\/www.clvgroup.com\/fr\/portail-des-residents\/assurance-du-locataire\/#breadcrumb"},"inLanguage":"fr-FR","potentialAction":[{"@type":"ReadAction","target":["https:\/\/www.clvgroup.com\/fr\/portail-des-residents\/assurance-du-locataire\/"]}]},{"@type":"BreadcrumbList","@id":"https:\/\/www.clvgroup.com\/fr\/portail-des-residents\/assurance-du-locataire\/#breadcrumb","itemListElement":[{"@type":"ListItem","position":1,"name":"Home","item":"https:\/\/www.clvgroup.com\/fr\/"},{"@type":"ListItem","position":2,"name":"Informations sur les r\u00e9sidents","item":"https:\/\/www.clvgroup.com\/fr\/portail-des-residents\/"},{"@type":"ListItem","position":3,"name":"Assurance du locataire"}]},{"@type":"WebSite","@id":"https:\/\/www.clvgroup.com\/fr\/#website","url":"https:\/\/www.clvgroup.com\/fr\/","name":"CLV Group","description":"","potentialAction":[{"@type":"SearchAction","target":{"@type":"EntryPoint","urlTemplate":"https:\/\/www.clvgroup.com\/fr\/?s={search_term_string}"},"query-input":{"@type":"PropertyValueSpecification","valueRequired":true,"valueName":"search_term_string"}}],"inLanguage":"fr-FR"}]}},"_links":{"self":[{"href":"https:\/\/www.clvgroup.com\/fr\/wp-json\/wp\/v2\/pages\/20353","targetHints":{"allow":["GET"]}}],"collection":[{"href":"https:\/\/www.clvgroup.com\/fr\/wp-json\/wp\/v2\/pages"}],"about":[{"href":"https:\/\/www.clvgroup.com\/fr\/wp-json\/wp\/v2\/types\/page"}],"author":[{"embeddable":true,"href":"https:\/\/www.clvgroup.com\/fr\/wp-json\/wp\/v2\/users\/10"}],"replies":[{"embeddable":true,"href":"https:\/\/www.clvgroup.com\/fr\/wp-json\/wp\/v2\/comments?post=20353"}],"version-history":[{"count":1,"href":"https:\/\/www.clvgroup.com\/fr\/wp-json\/wp\/v2\/pages\/20353\/revisions"}],"predecessor-version":[{"id":20354,"href":"https:\/\/www.clvgroup.com\/fr\/wp-json\/wp\/v2\/pages\/20353\/revisions\/20354"}],"up":[{"embeddable":true,"href":"https:\/\/www.clvgroup.com\/fr\/wp-json\/wp\/v2\/pages\/20413"}],"wp:attachment":[{"href":"https:\/\/www.clvgroup.com\/fr\/wp-json\/wp\/v2\/media?parent=20353"}],"curies":[{"name":"wp","href":"https:\/\/api.w.org\/{rel}","templated":true}]}}