{"id":20357,"date":"2025-05-13T10:13:01","date_gmt":"2025-05-13T14:13:01","guid":{"rendered":"https:\/\/www.clvgroup.com\/avis-de-vacance\/"},"modified":"2025-05-13T10:13:18","modified_gmt":"2025-05-13T14:13:18","slug":"avis-de-vacance","status":"publish","type":"page","link":"https:\/\/www.clvgroup.com\/fr\/portail-des-residents\/avis-de-vacance\/","title":{"rendered":"Avis de vacance"},"content":{"rendered":"<section  class=\"breadcrumbs text-white innerpage-hero\"\n        style=\"\n        background-image: \n            linear-gradient(\n                to right, \n                #1a1e29 max(300px, 15%), \n                transparent\n            ),\n            linear-gradient(\n                to bottom, \n                rgb(26 30 41 \/ 80%) calc(var(--header-height, 0px) - 4rem),\n                transparent\n            ), \n            url('https:\/\/www.clvgroup.com\/wp-content\/uploads\/clv-group-resident-resources-notice-to-vacate.jpg'); \n        background-position: 0, top, 100%;\n        background-repeat: no-repeat;\n        background-size: cover, cover, cover;\"\n    >\n    <div class=\"container\">\n                    <div class=\"flex gap-4 text-sm font-light innerpage__breadcrumbs\">\n                \n                                            <a href=\"\/\"\n                            class=\"\">Accueil<\/a>\n                                                                <span>|<\/span>\n                    \n                \n                                            <a href=\"\/resident-portal\"\n                            class=\"\">Portail des r\u00e9sidents<\/a>\n                                                                <span>|<\/span>\n                    \n                \n                                            <a href=\"\/notice-to-vacate\"\n                            class=\"\">Avis de vacance<\/a>\n                                        \n                            <\/div>\n                                        <h1 class=\"my-0 innerpage-page__title\">Avis de vacance<\/h1>\n                            <\/div>\n<\/section><div class=\"gb-container gb-container-bd27df8d container\">\n\n<div style=\"height:60px\" aria-hidden=\"true\" class=\"wp-block-spacer\"><\/div>\n\n\n\n<h2 class=\"wp-block-heading has-oxford-blue-color has-text-color has-link-color wp-elements-61e993aac518beb36fc319167bde5a60\">Avis de vacance<\/h2>\n\n\n\n<p class=\"text-steel-blue has-oxford-blue-color has-text-color has-link-color wp-elements-0b2ded686306bc69bd723388dac94fd2\">Vous envisagez de d\u00e9m\u00e9nager ? Nous sommes l\u00e0 pour vous guider dans vos d\u00e9marches.   <\/p>\n\n\n\n<p class=\"text-steel-blue\">Les r\u00e9sidents doivent donner un <strong>pr\u00e9avis \u00e9crit <\/strong>sous la forme d&rsquo;un document N9 : Tenant&rsquo;s Notice to End the Tenancy (pr\u00e9avis de fin de location) d\u00fbment rempli, <strong>au moins 60 jours avant la date de votre d\u00e9m\u00e9nagement<\/strong>, ce qui correspond au premier du mois.  <\/p>\n\n\n\n<p class=\"text-steel-blue\">Tous les titulaires de baux sont tenus de remplir et de signer le formulaire N9 s&rsquo;ils souhaitent quitter les lieux \u00e0 la fin de leur bail ou, si le bail est au mois, \u00e0 la fin de la p\u00e9riode de pr\u00e9avis de 60 jours.  <\/p>\n\n\n\n<h2 class=\"gb-headline gb-headline-f876dead gb-headline-text h2 text-steel-blue mb-0\">Lignes directrices relatives \u00e0 la r\u00e9siliation des baux :&nbsp;<\/h2>\n\n\n\n<p class=\"text-steel-blue\">L&rsquo;entreprise fera tous les efforts raisonnables pour s&rsquo;assurer que ses politiques, pratiques et proc\u00e9dures sont compatibles avec les principes d&rsquo;accessibilit\u00e9 :  <\/p>\n\n\n\n<ul class=\"wp-block-list text-steel-blue\">\n<li class=\"text-steel-blue\"><strong>Bail \u00e0 dur\u00e9e d\u00e9termin\u00e9e (12 mois et plus, sans possibilit\u00e9 de renouvellement) :<\/strong> Pr\u00e9avis \u00e9crit <strong>3 \u00e0 6 mois<\/strong> avant la fin du bail.<\/li>\n\n\n\n<li><strong>Bail de courte dur\u00e9e (&lt;12 mois, pas de renouvellement possible)<\/strong>: Pr\u00e9avis \u00e9crit <strong>1 \u00e0 2 mois<\/strong> avant la fin du bail.<\/li>\n<\/ul>\n\n\n\n<h2 class=\"gb-headline gb-headline-10169511 gb-headline-text h2 text-steel-blue mb-0\">Si vous avez re\u00e7u une offre de renouvellement de bail&nbsp;<\/h2>\n\n\n\n<ul class=\"wp-block-list text-steel-blue\">\n<li class=\"text-steel-blue\">Si CLV Group vous a envoy\u00e9 une offre de renouvellement de bail, vous devez <strong>donner un avis \u00e9crit de r\u00e9siliation dans les 30 jours<\/strong> suivant la r\u00e9ception de l&rsquo;offre.<\/li>\n\n\n\n<li>Si vous ne donnez pas de pr\u00e9avis dans ce d\u00e9lai, <strong>votre bail sera automatiquement renouvel\u00e9 aux conditions \u00e9nonc\u00e9es dans l&rsquo;offre de renouvellement.<\/strong><\/li>\n<\/ul>\n\n\n\n<h2 class=\"gb-headline gb-headline-40a6e94d gb-headline-text h2 text-steel-blue mb-0\">Comment soumettre votre avis :&nbsp;&nbsp;<\/h2>\n\n\n\n<p class=\"text-steel-blue\">Veuillez contacter votre coordinateur des relations avec la communaut\u00e9. Tous les titulaires de baux devront remplir le formulaire N9 : Avis de r\u00e9siliation de bail par le locataire. Vous pouvez envoyer votre formulaire \u00e0 l&rsquo;adresse suivante  <\/p>\n\n\n\n<ul class=\"wp-block-list text-steel-blue\">\n<li><strong>Courriel<\/strong><\/li>\n\n\n\n<li><strong>Fax<\/strong><\/li>\n\n\n\n<li><strong>Courrier<\/strong> au si\u00e8ge du groupe CLV<\/li>\n\n\n\n<li>200 &#8211; 485 Bank Street, <br\/>Ottawa, ON, K2P 1Z2<\/li>\n<\/ul>\n\n\n\n<p class=\"text-steel-blue\">Votre avis doit comprendre<\/p>\n\n\n\n<p class=\"text-steel-blue\">\u2705 <strong>Noms complets de tous les titulaires de baux et des garants<\/strong><\/p>\n\n\n\n<p class=\"text-steel-blue\">\u2705 <strong>Adresse du b\u00e2timent et num\u00e9ro de l&rsquo;unit\u00e9<\/strong><\/p>\n\n\n\n<p class=\"text-steel-blue\">\u2705 <strong>Date de fin de bail<\/strong><\/p>\n\n\n\n<p class=\"text-steel-blue\">Pour les demandes sp\u00e9ciales de r\u00e9siliation, contactez votre <strong>coordinateur des relations avec la communaut\u00e9<\/strong>.<\/p>\n\n\n\n<p class=\"text-steel-blue\">Nous appr\u00e9cions votre coop\u00e9ration pour assurer une transition en douceur et nous sommes heureux de r\u00e9pondre \u00e0 vos questions tout au long du processus !<\/p>\n\n<\/div>    <section class=\"cta-slider-wrap \">\n        <div             class=\" flex flex-col gap-8 mx-auto splide cta-slider -pl-8 lg:flex-row lg:shadow-[0px_50px_20px_-25px_rgba(0,0,0,0.5)] w-full !max-w-[95%] m-auto xl:!max-w-[1060px]\">\n            <div class=\"splide__pagination\"><\/div>\n            <div class=\"splide__track rounded-[5px] overflow-clip grow\">\n                <ul class=\"splide__list\">\n                                            <li class=\"splide__slide\">\n                            <div class=\"cta\">\n                                <div class=\"cta__content\">\n                                                                            <div class=\"line-before line-before--green subheading cta__subheading\">Notre portail des r\u00e9sidents<\/div>\n                                                                        <h3 class=\"h2 cta__heading\">S&rsquo;inscrire<\/h3>\n                                    <p class=\"m-0 cta__text\">G\u00e9rez facilement votre exp\u00e9rience de vie gr\u00e2ce \u00e0 notre portail des r\u00e9sidents. Tenez-vous au courant des annonces de la communaut\u00e9, communiquez avec vos voisins, soumettez des demandes d&rsquo;entretien, contactez le personnel de votre site, et bien plus encore &#8211; le tout en un seul endroit pratique. <\/p>\n                                                                            <a href=\"https:\/\/clvgroup.securecafe.com\/residentservices\/apartmentsforrent\/userlogin.aspx?nocache=1\" class=\"line-button cta__button\">Inscrivez-vous ici<\/a>\n                                                                    <\/div>\n                                <div class=\"cta__image-wrapper\">\n                                    <img decoding=\"async\" src=\"https:\/\/www.clvgroup.com\/wp-content\/uploads\/clv-group-residents-page-register-resident-portal.jpg\" alt=\"Photo\" \/>\n                                <\/div>\n                            <\/div>\n                        <\/li>\n                                    <\/ul>\n            <\/div>\n        <\/div>\n    <\/section>\n\n<p><\/p>\n","protected":false},"excerpt":{"rendered":"<p>Avis de vacance Vous envisagez de d\u00e9m\u00e9nager ? Nous sommes l\u00e0 pour vous guider dans vos d\u00e9marches. Les r\u00e9sidents doivent donner un pr\u00e9avis \u00e9crit sous la forme d&rsquo;un document N9 : Tenant&rsquo;s Notice to End the Tenancy (pr\u00e9avis de fin de location) d\u00fbment rempli, au moins 60 jours avant la date de votre d\u00e9m\u00e9nagement, ce [&hellip;]<\/p>\n","protected":false},"author":10,"featured_media":0,"parent":20413,"menu_order":0,"comment_status":"closed","ping_status":"closed","template":"","meta":{"_acf_changed":false,"inline_featured_image":false,"footnotes":""},"class_list":["post-20357","page","type-page","status-publish","hentry"],"acf":[],"yoast_head":"<!-- This site is optimized with the Yoast SEO plugin v27.5 - https:\/\/yoast.com\/product\/yoast-seo-wordpress\/ -->\n<title>Avis de vacance - CLV Group<\/title>\n<meta name=\"description\" content=\"Vous envisagez de d\u00e9m\u00e9nager ? Nous sommes l\u00e0 pour vous guider dans vos d\u00e9marches.\" \/>\n<meta name=\"robots\" content=\"index, follow, max-snippet:-1, max-image-preview:large, max-video-preview:-1\" \/>\n<link rel=\"canonical\" href=\"https:\/\/www.clvgroup.com\/fr\/portail-des-residents\/avis-de-vacance\/\" \/>\n<meta property=\"og:locale\" content=\"fr_FR\" \/>\n<meta property=\"og:type\" content=\"article\" \/>\n<meta property=\"og:title\" content=\"Avis de vacance - CLV Group\" \/>\n<meta property=\"og:description\" content=\"Vous envisagez de d\u00e9m\u00e9nager ? Nous sommes l\u00e0 pour vous guider dans vos d\u00e9marches.\" \/>\n<meta property=\"og:url\" content=\"https:\/\/www.clvgroup.com\/fr\/portail-des-residents\/avis-de-vacance\/\" \/>\n<meta property=\"og:site_name\" content=\"CLV Group\" \/>\n<meta property=\"article:modified_time\" content=\"2025-05-13T14:13:18+00:00\" \/>\n<meta name=\"twitter:card\" content=\"summary_large_image\" \/>\n<meta name=\"twitter:label1\" content=\"Dur\u00e9e de lecture estim\u00e9e\" \/>\n\t<meta name=\"twitter:data1\" content=\"2 minutes\" \/>\n<script type=\"application\/ld+json\" class=\"yoast-schema-graph\">{\"@context\":\"https:\\\/\\\/schema.org\",\"@graph\":[{\"@type\":\"WebPage\",\"@id\":\"https:\\\/\\\/www.clvgroup.com\\\/fr\\\/portail-des-residents\\\/avis-de-vacance\\\/\",\"url\":\"https:\\\/\\\/www.clvgroup.com\\\/fr\\\/portail-des-residents\\\/avis-de-vacance\\\/\",\"name\":\"Avis de vacance - CLV Group\",\"isPartOf\":{\"@id\":\"https:\\\/\\\/www.clvgroup.com\\\/fr\\\/#website\"},\"datePublished\":\"2025-05-13T14:13:01+00:00\",\"dateModified\":\"2025-05-13T14:13:18+00:00\",\"description\":\"Vous envisagez de d\u00e9m\u00e9nager ? Nous sommes l\u00e0 pour vous guider dans vos d\u00e9marches.\",\"breadcrumb\":{\"@id\":\"https:\\\/\\\/www.clvgroup.com\\\/fr\\\/portail-des-residents\\\/avis-de-vacance\\\/#breadcrumb\"},\"inLanguage\":\"fr-FR\",\"potentialAction\":[{\"@type\":\"ReadAction\",\"target\":[\"https:\\\/\\\/www.clvgroup.com\\\/fr\\\/portail-des-residents\\\/avis-de-vacance\\\/\"]}]},{\"@type\":\"BreadcrumbList\",\"@id\":\"https:\\\/\\\/www.clvgroup.com\\\/fr\\\/portail-des-residents\\\/avis-de-vacance\\\/#breadcrumb\",\"itemListElement\":[{\"@type\":\"ListItem\",\"position\":1,\"name\":\"Home\",\"item\":\"https:\\\/\\\/www.clvgroup.com\\\/fr\\\/\"},{\"@type\":\"ListItem\",\"position\":2,\"name\":\"Informations sur les r\u00e9sidents\",\"item\":\"https:\\\/\\\/www.clvgroup.com\\\/fr\\\/portail-des-residents\\\/\"},{\"@type\":\"ListItem\",\"position\":3,\"name\":\"Avis de vacance\"}]},{\"@type\":\"WebSite\",\"@id\":\"https:\\\/\\\/www.clvgroup.com\\\/fr\\\/#website\",\"url\":\"https:\\\/\\\/www.clvgroup.com\\\/fr\\\/\",\"name\":\"CLV Group\",\"description\":\"\",\"potentialAction\":[{\"@type\":\"SearchAction\",\"target\":{\"@type\":\"EntryPoint\",\"urlTemplate\":\"https:\\\/\\\/www.clvgroup.com\\\/fr\\\/?s={search_term_string}\"},\"query-input\":{\"@type\":\"PropertyValueSpecification\",\"valueRequired\":true,\"valueName\":\"search_term_string\"}}],\"inLanguage\":\"fr-FR\"}]}<\/script>\n<!-- \/ Yoast SEO plugin. -->","yoast_head_json":{"title":"Avis de vacance - CLV Group","description":"Vous envisagez de d\u00e9m\u00e9nager ? Nous sommes l\u00e0 pour vous guider dans vos d\u00e9marches.","robots":{"index":"index","follow":"follow","max-snippet":"max-snippet:-1","max-image-preview":"max-image-preview:large","max-video-preview":"max-video-preview:-1"},"canonical":"https:\/\/www.clvgroup.com\/fr\/portail-des-residents\/avis-de-vacance\/","og_locale":"fr_FR","og_type":"article","og_title":"Avis de vacance - CLV Group","og_description":"Vous envisagez de d\u00e9m\u00e9nager ? Nous sommes l\u00e0 pour vous guider dans vos d\u00e9marches.","og_url":"https:\/\/www.clvgroup.com\/fr\/portail-des-residents\/avis-de-vacance\/","og_site_name":"CLV Group","article_modified_time":"2025-05-13T14:13:18+00:00","twitter_card":"summary_large_image","twitter_misc":{"Dur\u00e9e de lecture estim\u00e9e":"2 minutes"},"schema":{"@context":"https:\/\/schema.org","@graph":[{"@type":"WebPage","@id":"https:\/\/www.clvgroup.com\/fr\/portail-des-residents\/avis-de-vacance\/","url":"https:\/\/www.clvgroup.com\/fr\/portail-des-residents\/avis-de-vacance\/","name":"Avis de vacance - CLV Group","isPartOf":{"@id":"https:\/\/www.clvgroup.com\/fr\/#website"},"datePublished":"2025-05-13T14:13:01+00:00","dateModified":"2025-05-13T14:13:18+00:00","description":"Vous envisagez de d\u00e9m\u00e9nager ? Nous sommes l\u00e0 pour vous guider dans vos d\u00e9marches.","breadcrumb":{"@id":"https:\/\/www.clvgroup.com\/fr\/portail-des-residents\/avis-de-vacance\/#breadcrumb"},"inLanguage":"fr-FR","potentialAction":[{"@type":"ReadAction","target":["https:\/\/www.clvgroup.com\/fr\/portail-des-residents\/avis-de-vacance\/"]}]},{"@type":"BreadcrumbList","@id":"https:\/\/www.clvgroup.com\/fr\/portail-des-residents\/avis-de-vacance\/#breadcrumb","itemListElement":[{"@type":"ListItem","position":1,"name":"Home","item":"https:\/\/www.clvgroup.com\/fr\/"},{"@type":"ListItem","position":2,"name":"Informations sur les r\u00e9sidents","item":"https:\/\/www.clvgroup.com\/fr\/portail-des-residents\/"},{"@type":"ListItem","position":3,"name":"Avis de vacance"}]},{"@type":"WebSite","@id":"https:\/\/www.clvgroup.com\/fr\/#website","url":"https:\/\/www.clvgroup.com\/fr\/","name":"CLV Group","description":"","potentialAction":[{"@type":"SearchAction","target":{"@type":"EntryPoint","urlTemplate":"https:\/\/www.clvgroup.com\/fr\/?s={search_term_string}"},"query-input":{"@type":"PropertyValueSpecification","valueRequired":true,"valueName":"search_term_string"}}],"inLanguage":"fr-FR"}]}},"_links":{"self":[{"href":"https:\/\/www.clvgroup.com\/fr\/wp-json\/wp\/v2\/pages\/20357","targetHints":{"allow":["GET"]}}],"collection":[{"href":"https:\/\/www.clvgroup.com\/fr\/wp-json\/wp\/v2\/pages"}],"about":[{"href":"https:\/\/www.clvgroup.com\/fr\/wp-json\/wp\/v2\/types\/page"}],"author":[{"embeddable":true,"href":"https:\/\/www.clvgroup.com\/fr\/wp-json\/wp\/v2\/users\/10"}],"replies":[{"embeddable":true,"href":"https:\/\/www.clvgroup.com\/fr\/wp-json\/wp\/v2\/comments?post=20357"}],"version-history":[{"count":1,"href":"https:\/\/www.clvgroup.com\/fr\/wp-json\/wp\/v2\/pages\/20357\/revisions"}],"predecessor-version":[{"id":20358,"href":"https:\/\/www.clvgroup.com\/fr\/wp-json\/wp\/v2\/pages\/20357\/revisions\/20358"}],"up":[{"embeddable":true,"href":"https:\/\/www.clvgroup.com\/fr\/wp-json\/wp\/v2\/pages\/20413"}],"wp:attachment":[{"href":"https:\/\/www.clvgroup.com\/fr\/wp-json\/wp\/v2\/media?parent=20357"}],"curies":[{"name":"wp","href":"https:\/\/api.w.org\/{rel}","templated":true}]}}